{"id":476,"date":"2022-02-04T15:09:47","date_gmt":"2022-02-04T14:09:47","guid":{"rendered":"https:\/\/www.monboprod.fr\/legal-mentions\/"},"modified":"2022-04-05T15:37:46","modified_gmt":"2022-04-05T13:37:46","slug":"legal-mentions","status":"publish","type":"page","link":"https:\/\/www.monboprod.fr\/en\/legal-mentions\/","title":{"rendered":"Legal Mentions"},"content":{"rendered":"\n<p>SARL with share capital of \u20ac 4000 <br>RCS : 789 674 918 <br>25, rue des Mathurins \u2013 75008 Paris<\/p>\n\n\n\n<p>Publication Director: Nicolas Burgess <br>The website <strong><a href=\"https:\/\/www.monboprod.fr\/en\/\">www.monboprod.fr<\/a><\/strong> is hosted by Ionos <br>7, place de la Gare \u2013 57200 Sarreguemines<\/p>\n\n\n\n<p>No personal information is collected without your knowledge. The information that you communicate to us when requesting a quote or information by mail, telephone, e-mail or form is only intended for the administrative and commercial processing of your request by the company <strong>Monbo Prod<\/strong>. It is not subject to any transfer to third parties. <strong>Monbo Prod<\/strong> treats the information which concerns you with the utmost confidentiality. <br>In accordance with the law &#8220;Informatique et Libert\u00e9s&#8221; n \u00b0 78-17 of January 6, 1978, you have a right of access, rectification and opposition to personal data concerning you. To exercise this right, simply send us a request in writing to the following contact details: <br>By email: <a href=\"mailto:contact@monboprod.fr\"><strong>contact@monboprod.fr<\/strong><\/a> <br>By mail: 25, rue des Mathurins \u2013 75008 Paris \u2013 France<\/p>\n\n\n\n<h3 class=\"wp-block-heading\">Copyright<\/h3>\n\n\n\n<p>All content of this website, including domain name, trademarks, logo, text, etc. is the property of the company <strong>Monbo Prod<\/strong>, it is protected by the laws of French legislation on intellectual property. <br>No element of this site may be copied, reproduced, diverted or distorted on any medium whatsoever, without constituting an act of counterfeiting within the meaning of articles L 335-2 and following of the intellectual property code.<\/p>\n\n\n\n<h3 class=\"wp-block-heading\">Access to the&nbsp;site<\/h3>\n\n\n\n<p>The user of this site acknowledges having the skills and means necessary to access and use this site. <strong>Monbo Prod<\/strong> cannot be held responsible for elements beyond its control and damages that may be suffered by the technical environment of the user and in particular, their computers, software, network equipment and any other material used to access or use the service and\/or the information. <br>It is recalled that the act of accessing or remaining fraudulently in a computer system, of hindering or distorting the operation of such a system, of fraudulently introducing or modifying data in a computer system, constitutes offences punishable by criminal penalties.<\/p>\n\n\n\n<h3 class=\"wp-block-heading\">Limitation&nbsp;of Liability<\/h3>\n\n\n\n<p><strong>Monbo Prod<\/strong> endeavours to transmit regularly updated information, in particular, on its news. However, erroneous information or omissions may be observed, in particular, following typing or layout errors. If you notice any, we invite you to let us know so that we can correct them. <br><br>Furthermore, we reserve the right to, without notice, modify the information provided by this site, as part of our data updating and updating of operations. <br><br>The hyperlinks embedded within this website, linking to other sites and\/or personal pages, and, in general, to all existing resources on the Internet, cannot hold <strong>Monbo Prod<\/strong> to any form of responsibility. Also, the company <strong>Monbo Prod<\/strong> can, in no way, be held responsible for sites with a hyperlink to this site and declines all responsibility for their content and their use.<\/p>\n","protected":false},"excerpt":{"rendered":"<p>SARL with share capital of \u20ac 4000 RCS : 789 674 918 25, rue des Mathurins \u2013 75008 Paris Publication Director: Nicolas Burgess The website www.monboprod.fr is hosted by Ionos 7, place de la Gare \u2013 57200 Sarreguemines No personal information is collected without your knowledge. The information that you communicate to us when requesting [&hellip;]<\/p>\n","protected":false},"author":6,"featured_media":0,"parent":0,"menu_order":0,"comment_status":"closed","ping_status":"closed","template":"","meta":{"_acf_changed":false,"footnotes":""},"class_list":["post-476","page","type-page","status-publish","hentry"],"acf":[],"yoast_head":"<!-- This site is optimized with the Yoast SEO plugin v27.4 - https:\/\/yoast.com\/product\/yoast-seo-wordpress\/ -->\n<title>Monbo Prod &#8211; agence audiovisuelle<\/title>\n<meta name=\"description\" content=\"Bas\u00e9e \u00e0 Paris, l&#039;agence audiovisuelle Monbo Prod vous accompagne dans la conception et la r\u00e9alisation de tous vos contenus vid\u00e9o.\" \/>\n<meta name=\"robots\" content=\"index, follow, max-snippet:-1, max-image-preview:large, max-video-preview:-1\" \/>\n<link rel=\"canonical\" href=\"https:\/\/www.monboprod.fr\/en\/legal-mentions\/\" \/>\n<meta property=\"og:locale\" content=\"en_US\" \/>\n<meta property=\"og:type\" content=\"article\" \/>\n<meta property=\"og:title\" content=\"Monbo Prod &#8211; agence audiovisuelle\" \/>\n<meta property=\"og:description\" content=\"Bas\u00e9e \u00e0 Paris, l&#039;agence audiovisuelle Monbo Prod vous accompagne dans la conception et la r\u00e9alisation de tous vos contenus vid\u00e9o.\" \/>\n<meta property=\"og:url\" content=\"https:\/\/www.monboprod.fr\/en\/legal-mentions\/\" \/>\n<meta property=\"og:site_name\" content=\"Monbo Prod\" \/>\n<meta property=\"article:publisher\" content=\"https:\/\/www.facebook.com\/MonboProd\/\" \/>\n<meta property=\"article:modified_time\" content=\"2022-04-05T13:37:46+00:00\" \/>\n<meta property=\"og:image\" content=\"https:\/\/www.monboprod.fr\/wp-content\/uploads\/2022\/03\/monboprod_logoHD.png\" \/>\n\t<meta property=\"og:image:width\" content=\"5998\" \/>\n\t<meta property=\"og:image:height\" content=\"1097\" \/>\n\t<meta property=\"og:image:type\" content=\"image\/png\" \/>\n<meta name=\"twitter:card\" content=\"summary_large_image\" \/>\n<meta name=\"twitter:label1\" content=\"Est. reading time\" \/>\n\t<meta name=\"twitter:data1\" content=\"3 minutes\" \/>\n<script type=\"application\/ld+json\" class=\"yoast-schema-graph\">{\"@context\":\"https:\\\/\\\/schema.org\",\"@graph\":[{\"@type\":\"WebPage\",\"@id\":\"https:\\\/\\\/www.monboprod.fr\\\/en\\\/legal-mentions\\\/\",\"url\":\"https:\\\/\\\/www.monboprod.fr\\\/en\\\/legal-mentions\\\/\",\"name\":\"Monbo Prod &#8211; agence audiovisuelle\",\"isPartOf\":{\"@id\":\"https:\\\/\\\/www.monboprod.fr\\\/en\\\/#website\"},\"datePublished\":\"2022-02-04T14:09:47+00:00\",\"dateModified\":\"2022-04-05T13:37:46+00:00\",\"description\":\"Bas\u00e9e \u00e0 Paris, l'agence audiovisuelle Monbo Prod vous accompagne dans la conception et la r\u00e9alisation de tous vos contenus vid\u00e9o.\",\"inLanguage\":\"en-US\",\"potentialAction\":[{\"@type\":\"ReadAction\",\"target\":[\"https:\\\/\\\/www.monboprod.fr\\\/en\\\/legal-mentions\\\/\"]}]},{\"@type\":\"WebSite\",\"@id\":\"https:\\\/\\\/www.monboprod.fr\\\/en\\\/#website\",\"url\":\"https:\\\/\\\/www.monboprod.fr\\\/en\\\/\",\"name\":\"Monbo Prod\",\"description\":\"agence audiovisuelle\",\"publisher\":{\"@id\":\"https:\\\/\\\/www.monboprod.fr\\\/en\\\/#organization\"},\"potentialAction\":[{\"@type\":\"SearchAction\",\"target\":{\"@type\":\"EntryPoint\",\"urlTemplate\":\"https:\\\/\\\/www.monboprod.fr\\\/en\\\/?s={search_term_string}\"},\"query-input\":{\"@type\":\"PropertyValueSpecification\",\"valueRequired\":true,\"valueName\":\"search_term_string\"}}],\"inLanguage\":\"en-US\"},{\"@type\":\"Organization\",\"@id\":\"https:\\\/\\\/www.monboprod.fr\\\/en\\\/#organization\",\"name\":\"Monbo Prod\",\"url\":\"https:\\\/\\\/www.monboprod.fr\\\/en\\\/\",\"logo\":{\"@type\":\"ImageObject\",\"inLanguage\":\"en-US\",\"@id\":\"https:\\\/\\\/www.monboprod.fr\\\/en\\\/#\\\/schema\\\/logo\\\/image\\\/\",\"url\":\"https:\\\/\\\/www.monboprod.fr\\\/wp-content\\\/uploads\\\/2022\\\/03\\\/monboprod_logoHD.png\",\"contentUrl\":\"https:\\\/\\\/www.monboprod.fr\\\/wp-content\\\/uploads\\\/2022\\\/03\\\/monboprod_logoHD.png\",\"width\":5998,\"height\":1097,\"caption\":\"Monbo Prod\"},\"image\":{\"@id\":\"https:\\\/\\\/www.monboprod.fr\\\/en\\\/#\\\/schema\\\/logo\\\/image\\\/\"},\"sameAs\":[\"https:\\\/\\\/www.facebook.com\\\/MonboProd\\\/\",\"https:\\\/\\\/www.linkedin.com\\\/company\\\/4996309\\\/\"]}]}<\/script>\n<!-- \/ Yoast SEO plugin. -->","yoast_head_json":{"title":"Monbo Prod &#8211; agence audiovisuelle","description":"Bas\u00e9e \u00e0 Paris, l'agence audiovisuelle Monbo Prod vous accompagne dans la conception et la r\u00e9alisation de tous vos contenus vid\u00e9o.","robots":{"index":"index","follow":"follow","max-snippet":"max-snippet:-1","max-image-preview":"max-image-preview:large","max-video-preview":"max-video-preview:-1"},"canonical":"https:\/\/www.monboprod.fr\/en\/legal-mentions\/","og_locale":"en_US","og_type":"article","og_title":"Monbo Prod &#8211; agence audiovisuelle","og_description":"Bas\u00e9e \u00e0 Paris, l'agence audiovisuelle Monbo Prod vous accompagne dans la conception et la r\u00e9alisation de tous vos contenus vid\u00e9o.","og_url":"https:\/\/www.monboprod.fr\/en\/legal-mentions\/","og_site_name":"Monbo Prod","article_publisher":"https:\/\/www.facebook.com\/MonboProd\/","article_modified_time":"2022-04-05T13:37:46+00:00","og_image":[{"width":5998,"height":1097,"url":"https:\/\/www.monboprod.fr\/wp-content\/uploads\/2022\/03\/monboprod_logoHD.png","type":"image\/png"}],"twitter_card":"summary_large_image","twitter_misc":{"Est. reading time":"3 minutes"},"schema":{"@context":"https:\/\/schema.org","@graph":[{"@type":"WebPage","@id":"https:\/\/www.monboprod.fr\/en\/legal-mentions\/","url":"https:\/\/www.monboprod.fr\/en\/legal-mentions\/","name":"Monbo Prod &#8211; agence audiovisuelle","isPartOf":{"@id":"https:\/\/www.monboprod.fr\/en\/#website"},"datePublished":"2022-02-04T14:09:47+00:00","dateModified":"2022-04-05T13:37:46+00:00","description":"Bas\u00e9e \u00e0 Paris, l'agence audiovisuelle Monbo Prod vous accompagne dans la conception et la r\u00e9alisation de tous vos contenus vid\u00e9o.","inLanguage":"en-US","potentialAction":[{"@type":"ReadAction","target":["https:\/\/www.monboprod.fr\/en\/legal-mentions\/"]}]},{"@type":"WebSite","@id":"https:\/\/www.monboprod.fr\/en\/#website","url":"https:\/\/www.monboprod.fr\/en\/","name":"Monbo Prod","description":"agence audiovisuelle","publisher":{"@id":"https:\/\/www.monboprod.fr\/en\/#organization"},"potentialAction":[{"@type":"SearchAction","target":{"@type":"EntryPoint","urlTemplate":"https:\/\/www.monboprod.fr\/en\/?s={search_term_string}"},"query-input":{"@type":"PropertyValueSpecification","valueRequired":true,"valueName":"search_term_string"}}],"inLanguage":"en-US"},{"@type":"Organization","@id":"https:\/\/www.monboprod.fr\/en\/#organization","name":"Monbo Prod","url":"https:\/\/www.monboprod.fr\/en\/","logo":{"@type":"ImageObject","inLanguage":"en-US","@id":"https:\/\/www.monboprod.fr\/en\/#\/schema\/logo\/image\/","url":"https:\/\/www.monboprod.fr\/wp-content\/uploads\/2022\/03\/monboprod_logoHD.png","contentUrl":"https:\/\/www.monboprod.fr\/wp-content\/uploads\/2022\/03\/monboprod_logoHD.png","width":5998,"height":1097,"caption":"Monbo Prod"},"image":{"@id":"https:\/\/www.monboprod.fr\/en\/#\/schema\/logo\/image\/"},"sameAs":["https:\/\/www.facebook.com\/MonboProd\/","https:\/\/www.linkedin.com\/company\/4996309\/"]}]}},"_links":{"self":[{"href":"https:\/\/www.monboprod.fr\/en\/wp-json\/wp\/v2\/pages\/476","targetHints":{"allow":["GET"]}}],"collection":[{"href":"https:\/\/www.monboprod.fr\/en\/wp-json\/wp\/v2\/pages"}],"about":[{"href":"https:\/\/www.monboprod.fr\/en\/wp-json\/wp\/v2\/types\/page"}],"author":[{"embeddable":true,"href":"https:\/\/www.monboprod.fr\/en\/wp-json\/wp\/v2\/users\/6"}],"replies":[{"embeddable":true,"href":"https:\/\/www.monboprod.fr\/en\/wp-json\/wp\/v2\/comments?post=476"}],"version-history":[{"count":3,"href":"https:\/\/www.monboprod.fr\/en\/wp-json\/wp\/v2\/pages\/476\/revisions"}],"predecessor-version":[{"id":480,"href":"https:\/\/www.monboprod.fr\/en\/wp-json\/wp\/v2\/pages\/476\/revisions\/480"}],"wp:attachment":[{"href":"https:\/\/www.monboprod.fr\/en\/wp-json\/wp\/v2\/media?parent=476"}],"curies":[{"name":"wp","href":"https:\/\/api.w.org\/{rel}","templated":true}]}}